{"id":23911,"date":"2026-01-05T16:53:51","date_gmt":"2026-01-05T16:53:51","guid":{"rendered":"https:\/\/inlingua-regensburg.de\/?post_type=product&#038;p=23911"},"modified":"2026-03-09T18:03:47","modified_gmt":"2026-03-09T18:03:47","slug":"b2-20-06-2026","status":"publish","type":"product","link":"https:\/\/inlingua-regensburg.de\/index.php\/product\/b2-20-06-2026\/","title":{"rendered":"B2 &#8211; 20.06.2026 (Samstag)"},"content":{"rendered":"","protected":false},"excerpt":{"rendered":"","protected":false},"featured_media":0,"template":"","meta":[],"product_brand":[],"product_cat":[15],"product_tag":[],"class_list":{"0":"post-23911","1":"product","2":"type-product","3":"status-publish","5":"product_cat-uncategorised","6":"pa_bitte-waehlen-komplett","7":"pa_bitte-waehlen-muendlich","8":"pa_bitte-waehlen-schriftlich","10":"first","11":"instock","12":"shipping-taxable","13":"purchasable","14":"product-type-variable"},"yoast_head":"<!-- This site is optimized with the Yoast SEO plugin v26.4 - https:\/\/yoast.com\/wordpress\/plugins\/seo\/ -->\n<title>B2 - 20.06.2026 (Samstag) - Inlingua Regensburg<\/title>\n<meta name=\"robots\" content=\"index, follow, max-snippet:-1, max-image-preview:large, max-video-preview:-1\" \/>\n<link rel=\"canonical\" href=\"https:\/\/inlingua-regensburg.de\/index.php\/product\/b2-20-06-2026\/\" \/>\n<meta property=\"og:locale\" content=\"de_DE\" \/>\n<meta property=\"og:type\" content=\"article\" \/>\n<meta property=\"og:title\" content=\"B2 - 20.06.2026 (Samstag) - Inlingua Regensburg\" \/>\n<meta property=\"og:url\" content=\"https:\/\/inlingua-regensburg.de\/index.php\/product\/b2-20-06-2026\/\" \/>\n<meta property=\"og:site_name\" content=\"Inlingua Regensburg\" \/>\n<meta property=\"article:publisher\" content=\"https:\/\/www.facebook.com\/inlinguaRegensburg\" \/>\n<meta property=\"article:modified_time\" content=\"2026-03-09T18:03:47+00:00\" \/>\n<meta name=\"twitter:card\" content=\"summary_large_image\" \/>\n<script type=\"application\/ld+json\" class=\"yoast-schema-graph\">{\"@context\":\"https:\/\/schema.org\",\"@graph\":[{\"@type\":\"WebPage\",\"@id\":\"https:\/\/inlingua-regensburg.de\/index.php\/product\/b2-20-06-2026\/\",\"url\":\"https:\/\/inlingua-regensburg.de\/index.php\/product\/b2-20-06-2026\/\",\"name\":\"B2 - 20.06.2026 (Samstag) - Inlingua Regensburg\",\"isPartOf\":{\"@id\":\"https:\/\/inlingua-regensburg.de\/#website\"},\"datePublished\":\"2026-01-05T16:53:51+00:00\",\"dateModified\":\"2026-03-09T18:03:47+00:00\",\"breadcrumb\":{\"@id\":\"https:\/\/inlingua-regensburg.de\/index.php\/product\/b2-20-06-2026\/#breadcrumb\"},\"inLanguage\":\"de\",\"potentialAction\":[{\"@type\":\"ReadAction\",\"target\":[\"https:\/\/inlingua-regensburg.de\/index.php\/product\/b2-20-06-2026\/\"]}]},{\"@type\":\"BreadcrumbList\",\"@id\":\"https:\/\/inlingua-regensburg.de\/index.php\/product\/b2-20-06-2026\/#breadcrumb\",\"itemListElement\":[{\"@type\":\"ListItem\",\"position\":1,\"name\":\"Home\",\"item\":\"https:\/\/inlingua-regensburg.de\/\"},{\"@type\":\"ListItem\",\"position\":2,\"name\":\"Shop\",\"item\":\"https:\/\/inlingua-regensburg.de\/index.php\/shop\/\"},{\"@type\":\"ListItem\",\"position\":3,\"name\":\"B2 &#8211; 20.06.2026 (Samstag)\"}]},{\"@type\":\"WebSite\",\"@id\":\"https:\/\/inlingua-regensburg.de\/#website\",\"url\":\"https:\/\/inlingua-regensburg.de\/\",\"name\":\"Inlingua Regensburg\",\"description\":\"inlingua ist eines der gr\u00f6\u00dften Netzwerke f\u00fcr fremdsprachliche Aus- und Weiterbildung weltweit.\",\"publisher\":{\"@id\":\"https:\/\/inlingua-regensburg.de\/#organization\"},\"potentialAction\":[{\"@type\":\"SearchAction\",\"target\":{\"@type\":\"EntryPoint\",\"urlTemplate\":\"https:\/\/inlingua-regensburg.de\/?s={search_term_string}\"},\"query-input\":{\"@type\":\"PropertyValueSpecification\",\"valueRequired\":true,\"valueName\":\"search_term_string\"}}],\"inLanguage\":\"de\"},{\"@type\":\"Organization\",\"@id\":\"https:\/\/inlingua-regensburg.de\/#organization\",\"name\":\"Inlingua Regensburg\",\"url\":\"https:\/\/inlingua-regensburg.de\/\",\"logo\":{\"@type\":\"ImageObject\",\"inLanguage\":\"de\",\"@id\":\"https:\/\/inlingua-regensburg.de\/#\/schema\/logo\/image\/\",\"url\":\"https:\/\/inlingua-regensburg.de\/wp-content\/uploads\/2022\/06\/1601467324747-removebg-preview.png\",\"contentUrl\":\"https:\/\/inlingua-regensburg.de\/wp-content\/uploads\/2022\/06\/1601467324747-removebg-preview.png\",\"width\":200,\"height\":200,\"caption\":\"Inlingua Regensburg\"},\"image\":{\"@id\":\"https:\/\/inlingua-regensburg.de\/#\/schema\/logo\/image\/\"},\"sameAs\":[\"https:\/\/www.facebook.com\/inlinguaRegensburg\"]}]}<\/script>\n<!-- \/ Yoast SEO plugin. -->","yoast_head_json":{"title":"B2 - 20.06.2026 (Samstag) - Inlingua Regensburg","robots":{"index":"index","follow":"follow","max-snippet":"max-snippet:-1","max-image-preview":"max-image-preview:large","max-video-preview":"max-video-preview:-1"},"canonical":"https:\/\/inlingua-regensburg.de\/index.php\/product\/b2-20-06-2026\/","og_locale":"de_DE","og_type":"article","og_title":"B2 - 20.06.2026 (Samstag) - Inlingua Regensburg","og_url":"https:\/\/inlingua-regensburg.de\/index.php\/product\/b2-20-06-2026\/","og_site_name":"Inlingua Regensburg","article_publisher":"https:\/\/www.facebook.com\/inlinguaRegensburg","article_modified_time":"2026-03-09T18:03:47+00:00","twitter_card":"summary_large_image","schema":{"@context":"https:\/\/schema.org","@graph":[{"@type":"WebPage","@id":"https:\/\/inlingua-regensburg.de\/index.php\/product\/b2-20-06-2026\/","url":"https:\/\/inlingua-regensburg.de\/index.php\/product\/b2-20-06-2026\/","name":"B2 - 20.06.2026 (Samstag) - Inlingua Regensburg","isPartOf":{"@id":"https:\/\/inlingua-regensburg.de\/#website"},"datePublished":"2026-01-05T16:53:51+00:00","dateModified":"2026-03-09T18:03:47+00:00","breadcrumb":{"@id":"https:\/\/inlingua-regensburg.de\/index.php\/product\/b2-20-06-2026\/#breadcrumb"},"inLanguage":"de","potentialAction":[{"@type":"ReadAction","target":["https:\/\/inlingua-regensburg.de\/index.php\/product\/b2-20-06-2026\/"]}]},{"@type":"BreadcrumbList","@id":"https:\/\/inlingua-regensburg.de\/index.php\/product\/b2-20-06-2026\/#breadcrumb","itemListElement":[{"@type":"ListItem","position":1,"name":"Home","item":"https:\/\/inlingua-regensburg.de\/"},{"@type":"ListItem","position":2,"name":"Shop","item":"https:\/\/inlingua-regensburg.de\/index.php\/shop\/"},{"@type":"ListItem","position":3,"name":"B2 &#8211; 20.06.2026 (Samstag)"}]},{"@type":"WebSite","@id":"https:\/\/inlingua-regensburg.de\/#website","url":"https:\/\/inlingua-regensburg.de\/","name":"Inlingua Regensburg","description":"inlingua ist eines der gr\u00f6\u00dften Netzwerke f\u00fcr fremdsprachliche Aus- und Weiterbildung weltweit.","publisher":{"@id":"https:\/\/inlingua-regensburg.de\/#organization"},"potentialAction":[{"@type":"SearchAction","target":{"@type":"EntryPoint","urlTemplate":"https:\/\/inlingua-regensburg.de\/?s={search_term_string}"},"query-input":{"@type":"PropertyValueSpecification","valueRequired":true,"valueName":"search_term_string"}}],"inLanguage":"de"},{"@type":"Organization","@id":"https:\/\/inlingua-regensburg.de\/#organization","name":"Inlingua Regensburg","url":"https:\/\/inlingua-regensburg.de\/","logo":{"@type":"ImageObject","inLanguage":"de","@id":"https:\/\/inlingua-regensburg.de\/#\/schema\/logo\/image\/","url":"https:\/\/inlingua-regensburg.de\/wp-content\/uploads\/2022\/06\/1601467324747-removebg-preview.png","contentUrl":"https:\/\/inlingua-regensburg.de\/wp-content\/uploads\/2022\/06\/1601467324747-removebg-preview.png","width":200,"height":200,"caption":"Inlingua Regensburg"},"image":{"@id":"https:\/\/inlingua-regensburg.de\/#\/schema\/logo\/image\/"},"sameAs":["https:\/\/www.facebook.com\/inlinguaRegensburg"]}]}},"jetpack_sharing_enabled":true,"_links":{"self":[{"href":"https:\/\/inlingua-regensburg.de\/index.php\/wp-json\/wp\/v2\/product\/23911","targetHints":{"allow":["GET"]}}],"collection":[{"href":"https:\/\/inlingua-regensburg.de\/index.php\/wp-json\/wp\/v2\/product"}],"about":[{"href":"https:\/\/inlingua-regensburg.de\/index.php\/wp-json\/wp\/v2\/types\/product"}],"wp:attachment":[{"href":"https:\/\/inlingua-regensburg.de\/index.php\/wp-json\/wp\/v2\/media?parent=23911"}],"wp:term":[{"taxonomy":"product_brand","embeddable":true,"href":"https:\/\/inlingua-regensburg.de\/index.php\/wp-json\/wp\/v2\/product_brand?post=23911"},{"taxonomy":"product_cat","embeddable":true,"href":"https:\/\/inlingua-regensburg.de\/index.php\/wp-json\/wp\/v2\/product_cat?post=23911"},{"taxonomy":"product_tag","embeddable":true,"href":"https:\/\/inlingua-regensburg.de\/index.php\/wp-json\/wp\/v2\/product_tag?post=23911"}],"curies":[{"name":"wp","href":"https:\/\/api.w.org\/{rel}","templated":true}]}}