{"id":20162,"date":"2024-04-01T16:33:09","date_gmt":"2024-04-01T16:33:09","guid":{"rendered":"https:\/\/inlingua-regensburg.de\/?post_type=product&#038;p=20162"},"modified":"2024-04-01T16:33:33","modified_gmt":"2024-04-01T16:33:33","slug":"a2-prasenz","status":"publish","type":"product","link":"https:\/\/inlingua-regensburg.de\/index.php\/product\/a2-prasenz\/","title":{"rendered":"A2 | Pr\u00e4senz"},"content":{"rendered":"","protected":false},"excerpt":{"rendered":"","protected":false},"featured_media":0,"template":"","meta":[],"product_brand":[],"product_cat":[72],"product_tag":[],"class_list":{"0":"post-20162","1":"product","2":"type-product","3":"status-publish","5":"product_cat-kurse","7":"first","8":"instock","9":"shipping-taxable","10":"purchasable","11":"product-type-simple"},"yoast_head":"<!-- This site is optimized with the Yoast SEO plugin v26.4 - https:\/\/yoast.com\/wordpress\/plugins\/seo\/ -->\n<title>A2 | Pr\u00e4senz - Inlingua Regensburg<\/title>\n<meta name=\"robots\" content=\"index, follow, max-snippet:-1, max-image-preview:large, max-video-preview:-1\" \/>\n<link rel=\"canonical\" href=\"https:\/\/inlingua-regensburg.de\/index.php\/product\/a2-prasenz\/\" \/>\n<meta property=\"og:locale\" content=\"de_DE\" \/>\n<meta property=\"og:type\" content=\"article\" \/>\n<meta property=\"og:title\" content=\"A2 | Pr\u00e4senz - Inlingua Regensburg\" \/>\n<meta property=\"og:url\" content=\"https:\/\/inlingua-regensburg.de\/index.php\/product\/a2-prasenz\/\" \/>\n<meta property=\"og:site_name\" content=\"Inlingua Regensburg\" \/>\n<meta property=\"article:publisher\" content=\"https:\/\/www.facebook.com\/inlinguaRegensburg\" \/>\n<meta property=\"article:modified_time\" content=\"2024-04-01T16:33:33+00:00\" \/>\n<meta name=\"twitter:card\" content=\"summary_large_image\" \/>\n<script type=\"application\/ld+json\" class=\"yoast-schema-graph\">{\"@context\":\"https:\/\/schema.org\",\"@graph\":[{\"@type\":\"WebPage\",\"@id\":\"https:\/\/inlingua-regensburg.de\/index.php\/product\/a2-prasenz\/\",\"url\":\"https:\/\/inlingua-regensburg.de\/index.php\/product\/a2-prasenz\/\",\"name\":\"A2 | Pr\u00e4senz - Inlingua Regensburg\",\"isPartOf\":{\"@id\":\"https:\/\/inlingua-regensburg.de\/#website\"},\"datePublished\":\"2024-04-01T16:33:09+00:00\",\"dateModified\":\"2024-04-01T16:33:33+00:00\",\"breadcrumb\":{\"@id\":\"https:\/\/inlingua-regensburg.de\/index.php\/product\/a2-prasenz\/#breadcrumb\"},\"inLanguage\":\"de\",\"potentialAction\":[{\"@type\":\"ReadAction\",\"target\":[\"https:\/\/inlingua-regensburg.de\/index.php\/product\/a2-prasenz\/\"]}]},{\"@type\":\"BreadcrumbList\",\"@id\":\"https:\/\/inlingua-regensburg.de\/index.php\/product\/a2-prasenz\/#breadcrumb\",\"itemListElement\":[{\"@type\":\"ListItem\",\"position\":1,\"name\":\"Home\",\"item\":\"https:\/\/inlingua-regensburg.de\/\"},{\"@type\":\"ListItem\",\"position\":2,\"name\":\"Shop\",\"item\":\"https:\/\/inlingua-regensburg.de\/index.php\/shop\/\"},{\"@type\":\"ListItem\",\"position\":3,\"name\":\"A2 | Pr\u00e4senz\"}]},{\"@type\":\"WebSite\",\"@id\":\"https:\/\/inlingua-regensburg.de\/#website\",\"url\":\"https:\/\/inlingua-regensburg.de\/\",\"name\":\"Inlingua Regensburg\",\"description\":\"inlingua ist eines der gr\u00f6\u00dften Netzwerke f\u00fcr fremdsprachliche Aus- und Weiterbildung weltweit.\",\"publisher\":{\"@id\":\"https:\/\/inlingua-regensburg.de\/#organization\"},\"potentialAction\":[{\"@type\":\"SearchAction\",\"target\":{\"@type\":\"EntryPoint\",\"urlTemplate\":\"https:\/\/inlingua-regensburg.de\/?s={search_term_string}\"},\"query-input\":{\"@type\":\"PropertyValueSpecification\",\"valueRequired\":true,\"valueName\":\"search_term_string\"}}],\"inLanguage\":\"de\"},{\"@type\":\"Organization\",\"@id\":\"https:\/\/inlingua-regensburg.de\/#organization\",\"name\":\"Inlingua Regensburg\",\"url\":\"https:\/\/inlingua-regensburg.de\/\",\"logo\":{\"@type\":\"ImageObject\",\"inLanguage\":\"de\",\"@id\":\"https:\/\/inlingua-regensburg.de\/#\/schema\/logo\/image\/\",\"url\":\"https:\/\/inlingua-regensburg.de\/wp-content\/uploads\/2022\/06\/1601467324747-removebg-preview.png\",\"contentUrl\":\"https:\/\/inlingua-regensburg.de\/wp-content\/uploads\/2022\/06\/1601467324747-removebg-preview.png\",\"width\":200,\"height\":200,\"caption\":\"Inlingua Regensburg\"},\"image\":{\"@id\":\"https:\/\/inlingua-regensburg.de\/#\/schema\/logo\/image\/\"},\"sameAs\":[\"https:\/\/www.facebook.com\/inlinguaRegensburg\"]}]}<\/script>\n<!-- \/ Yoast SEO plugin. -->","yoast_head_json":{"title":"A2 | Pr\u00e4senz - Inlingua Regensburg","robots":{"index":"index","follow":"follow","max-snippet":"max-snippet:-1","max-image-preview":"max-image-preview:large","max-video-preview":"max-video-preview:-1"},"canonical":"https:\/\/inlingua-regensburg.de\/index.php\/product\/a2-prasenz\/","og_locale":"de_DE","og_type":"article","og_title":"A2 | Pr\u00e4senz - Inlingua Regensburg","og_url":"https:\/\/inlingua-regensburg.de\/index.php\/product\/a2-prasenz\/","og_site_name":"Inlingua Regensburg","article_publisher":"https:\/\/www.facebook.com\/inlinguaRegensburg","article_modified_time":"2024-04-01T16:33:33+00:00","twitter_card":"summary_large_image","schema":{"@context":"https:\/\/schema.org","@graph":[{"@type":"WebPage","@id":"https:\/\/inlingua-regensburg.de\/index.php\/product\/a2-prasenz\/","url":"https:\/\/inlingua-regensburg.de\/index.php\/product\/a2-prasenz\/","name":"A2 | Pr\u00e4senz - Inlingua Regensburg","isPartOf":{"@id":"https:\/\/inlingua-regensburg.de\/#website"},"datePublished":"2024-04-01T16:33:09+00:00","dateModified":"2024-04-01T16:33:33+00:00","breadcrumb":{"@id":"https:\/\/inlingua-regensburg.de\/index.php\/product\/a2-prasenz\/#breadcrumb"},"inLanguage":"de","potentialAction":[{"@type":"ReadAction","target":["https:\/\/inlingua-regensburg.de\/index.php\/product\/a2-prasenz\/"]}]},{"@type":"BreadcrumbList","@id":"https:\/\/inlingua-regensburg.de\/index.php\/product\/a2-prasenz\/#breadcrumb","itemListElement":[{"@type":"ListItem","position":1,"name":"Home","item":"https:\/\/inlingua-regensburg.de\/"},{"@type":"ListItem","position":2,"name":"Shop","item":"https:\/\/inlingua-regensburg.de\/index.php\/shop\/"},{"@type":"ListItem","position":3,"name":"A2 | Pr\u00e4senz"}]},{"@type":"WebSite","@id":"https:\/\/inlingua-regensburg.de\/#website","url":"https:\/\/inlingua-regensburg.de\/","name":"Inlingua Regensburg","description":"inlingua ist eines der gr\u00f6\u00dften Netzwerke f\u00fcr fremdsprachliche Aus- und Weiterbildung weltweit.","publisher":{"@id":"https:\/\/inlingua-regensburg.de\/#organization"},"potentialAction":[{"@type":"SearchAction","target":{"@type":"EntryPoint","urlTemplate":"https:\/\/inlingua-regensburg.de\/?s={search_term_string}"},"query-input":{"@type":"PropertyValueSpecification","valueRequired":true,"valueName":"search_term_string"}}],"inLanguage":"de"},{"@type":"Organization","@id":"https:\/\/inlingua-regensburg.de\/#organization","name":"Inlingua Regensburg","url":"https:\/\/inlingua-regensburg.de\/","logo":{"@type":"ImageObject","inLanguage":"de","@id":"https:\/\/inlingua-regensburg.de\/#\/schema\/logo\/image\/","url":"https:\/\/inlingua-regensburg.de\/wp-content\/uploads\/2022\/06\/1601467324747-removebg-preview.png","contentUrl":"https:\/\/inlingua-regensburg.de\/wp-content\/uploads\/2022\/06\/1601467324747-removebg-preview.png","width":200,"height":200,"caption":"Inlingua Regensburg"},"image":{"@id":"https:\/\/inlingua-regensburg.de\/#\/schema\/logo\/image\/"},"sameAs":["https:\/\/www.facebook.com\/inlinguaRegensburg"]}]}},"jetpack_sharing_enabled":true,"_links":{"self":[{"href":"https:\/\/inlingua-regensburg.de\/index.php\/wp-json\/wp\/v2\/product\/20162","targetHints":{"allow":["GET"]}}],"collection":[{"href":"https:\/\/inlingua-regensburg.de\/index.php\/wp-json\/wp\/v2\/product"}],"about":[{"href":"https:\/\/inlingua-regensburg.de\/index.php\/wp-json\/wp\/v2\/types\/product"}],"wp:attachment":[{"href":"https:\/\/inlingua-regensburg.de\/index.php\/wp-json\/wp\/v2\/media?parent=20162"}],"wp:term":[{"taxonomy":"product_brand","embeddable":true,"href":"https:\/\/inlingua-regensburg.de\/index.php\/wp-json\/wp\/v2\/product_brand?post=20162"},{"taxonomy":"product_cat","embeddable":true,"href":"https:\/\/inlingua-regensburg.de\/index.php\/wp-json\/wp\/v2\/product_cat?post=20162"},{"taxonomy":"product_tag","embeddable":true,"href":"https:\/\/inlingua-regensburg.de\/index.php\/wp-json\/wp\/v2\/product_tag?post=20162"}],"curies":[{"name":"wp","href":"https:\/\/api.w.org\/{rel}","templated":true}]}}