{"id":22073,"date":"2025-03-03T11:40:07","date_gmt":"2025-03-03T11:40:07","guid":{"rendered":"https:\/\/inlingua-regensburg.de\/?page_id=22073"},"modified":"2025-03-05T10:16:00","modified_gmt":"2025-03-05T10:16:00","slug":"impressum","status":"publish","type":"page","link":"https:\/\/inlingua-regensburg.de\/index.php\/impressum\/","title":{"rendered":"Impressum"},"content":{"rendered":"\n<p>Angaben gem\u00e4\u00df \u00a7 5 TMG:<\/p>\n\n\n\n<p><strong>inlingua Sprachschule e.K.<\/strong><br>Inhaberin: Elena Ivan<br>Margaretenstra\u00dfe 14a<br>93047 Regensburg<\/p>\n\n\n\n<p>Telefon: +49 941 60828-0<br>Telefax: +49 941 60828-20<br>E-Mail: info@inlingua-regensburg.de<\/p>\n\n\n\n<p><strong>Registereintrag:<\/strong><\/p>\n\n\n\n<p>Eintragung im Handelsregister.<br>Registergericht: Amtsgericht Regensburg<br>Handelsregister-Nr.:\u00a0D\u00a01351\/\u00a02022<\/p>\n\n\n\n<p><strong>Umsatzsteuer:<\/strong><\/p>\n\n\n\n<p>Umsatzsteuer-Identifikationsnummer gem\u00e4\u00df \u00a727 a Umsatzsteuergesetz: DE321612910<br>Steuernummer: 244\/235\/11776<\/p>\n\n\n\n<p><strong>Streitschlichtung<\/strong><\/p>\n\n\n\n<p>Die Europ\u00e4ische Kommission stellt eine Plattform zur Online-Streitbeilegung (OS) bereit: <a href=\"https:\/\/ec.europa.eu\/consumers\/odr\">ec.europa.eu\/consumers\/odr<\/a>. Unsere E-Mail-Adresse finden Sie oben im Impressum.<\/p>\n\n\n\n<p>Wir sind nicht bereit oder verpflichtet, an Streitbeilegungsverfahren vor einer Verbraucherschlichtungsstelle teilzunehmen.<\/p>\n\n\n\n<p><strong>Mitgliedschaften<\/strong><\/p>\n\n\n\n<p>Mitglied des Verbandes Deutscher Privatschulen (VDP).<\/p>\n\n\n\n<p>Alle kursspezifischen Informationen gelten nur f\u00fcr das Angebot von inlingua Sprachschule e.K., Regensburg. Informationen \u00fcber inlingua Schulen in anderen St\u00e4dten finden Sie unter <a href=\"https:\/\/www.inlingua.com\">www.inlingua.com<\/a>. inlingua ist ein eingetragenes Warenzeichen der p\u00e4dagogischen Zentrale: Internationale inlingua Sprachschulen AG, CH-3007 Bern, Schweiz.<\/p>\n\n\n\n<p><strong>Fotos:<\/strong> \u00a9 inlingua international<\/p>\n\n\n\n<p><strong>Haftung f\u00fcr Inhalte<\/strong><\/p>\n\n\n\n<p>Als Diensteanbieter sind wir gem\u00e4\u00df \u00a7 7 Abs.1 TMG f\u00fcr eigene Inhalte auf diesen Seiten nach den allgemeinen Gesetzen verantwortlich. <\/p>\n\n\n\n<p>Verpflichtungen zur Entfernung oder Sperrung der Nutzung von Informationen nach den allgemeinen Gesetzen bleiben hiervon unber\u00fchrt. Eine diesbez\u00fcgliche Haftung ist jedoch erst ab dem Zeitpunkt der Kenntnis einer konkreten Rechtsverletzung m\u00f6glich. Bei Bekanntwerden von entsprechenden Rechtsverletzungen werden wir diese Inhalte umgehend entfernen.<\/p>\n\n\n\n<p><strong>Haftung f\u00fcr Links<\/strong><\/p>\n\n\n\n<p>Unser Angebot enth\u00e4lt Links zu externen Websites Dritter, auf deren Inhalte wir keinen Einfluss haben. Deshalb k\u00f6nnen wir f\u00fcr diese fremden Inhalte auch keine Gew\u00e4hr \u00fcbernehmen. F\u00fcr die Inhalte der verlinkten Seiten ist stets der jeweilige Anbieter oder Betreiber der Seiten verantwortlich. Die verlinkten Seiten wurden zum Zeitpunkt der Verlinkung auf m\u00f6gliche Rechtsverst\u00f6\u00dfe \u00fcberpr\u00fcft. Rechtswidrige Inhalte waren zum Zeitpunkt der Verlinkung nicht erkennbar.<\/p>\n\n\n\n<p>Eine permanente inhaltliche Kontrolle der verlinkten Seiten ist jedoch ohne konkrete Anhaltspunkte einer Rechtsverletzung nicht zumutbar. Bei Bekanntwerden von Rechtsverletzungen werden wir derartige Links umgehend entfernen.<\/p>\n\n\n\n<p><strong>Urheberrecht<\/strong><\/p>\n\n\n\n<p>Die durch die Seitenbetreiber erstellten Inhalte und Werke auf diesen Seiten unterliegen dem deutschen Urheberrecht. Die Vervielf\u00e4ltigung, Bearbeitung, Verbreitung und jede Art der Verwertung au\u00dferhalb der Grenzen des Urheberrechtes bed\u00fcrfen der schriftlichen Zustimmung des jeweiligen Autors bzw. Erstellers. Downloads und Kopien dieser Seite sind nur f\u00fcr den privaten, nicht kommerziellen Gebrauch gestattet.<\/p>\n\n\n\n<p>Soweit die Inhalte auf dieser Seite nicht vom Betreiber erstellt wurden, werden die Urheberrechte Dritter beachtet. Insbesondere werden Inhalte Dritter als solche gekennzeichnet. Sollten Sie trotzdem auf eine Urheberrechtsverletzung aufmerksam werden, bitten wir um einen entsprechenden Hinweis. Bei Bekanntwerden von Rechtsverletzungen werden wir derartige Inhalte umgehend entfernen.<\/p>\n\n\n\n<p><strong>Internet Realisation und Support<\/strong><\/p>\n\n\n\n<p>inlingua Regensburg<\/p>\n\n\n\n<p><\/p>\n","protected":false},"excerpt":{"rendered":"<p>Angaben gem\u00e4\u00df \u00a7 5 TMG: inlingua Sprachschule e.K.Inhaberin: Elena IvanMargaretenstra\u00dfe 14a93047 Regensburg Telefon: +49 941 60828-0Telefax: +49 941 60828-20E-Mail: info@inlingua-regensburg.de Registereintrag: Eintragung im Handelsregister.Registergericht: Amtsgericht RegensburgHandelsregister-Nr.:\u00a0D\u00a01351\/\u00a02022 Umsatzsteuer: Umsatzsteuer-Identifikationsnummer gem\u00e4\u00df \u00a727 a Umsatzsteuergesetz: DE321612910Steuernummer: 244\/235\/11776 Streitschlichtung Die Europ\u00e4ische Kommission stellt eine &hellip; <\/p>\n","protected":false},"author":1,"featured_media":0,"parent":0,"menu_order":0,"comment_status":"closed","ping_status":"closed","template":"","meta":{"footnotes":""},"class_list":["post-22073","page","type-page","status-publish","hentry"],"yoast_head":"<!-- This site is optimized with the Yoast SEO plugin v26.4 - https:\/\/yoast.com\/wordpress\/plugins\/seo\/ -->\n<title>Impressum - Inlingua Regensburg<\/title>\n<meta name=\"description\" content=\"Deutsch test b1Deutsch Pr\u00fcfung b1Deutsch b1 Regensburg\" \/>\n<meta name=\"robots\" content=\"index, follow, max-snippet:-1, max-image-preview:large, max-video-preview:-1\" \/>\n<link rel=\"canonical\" href=\"https:\/\/inlingua-regensburg.de\/index.php\/impressum\/\" \/>\n<meta property=\"og:locale\" content=\"de_DE\" \/>\n<meta property=\"og:type\" content=\"article\" \/>\n<meta property=\"og:title\" content=\"Impressum - Inlingua Regensburg\" \/>\n<meta property=\"og:description\" content=\"Deutsch test b1Deutsch Pr\u00fcfung b1Deutsch b1 Regensburg\" \/>\n<meta property=\"og:url\" content=\"https:\/\/inlingua-regensburg.de\/index.php\/impressum\/\" \/>\n<meta property=\"og:site_name\" content=\"Inlingua Regensburg\" \/>\n<meta property=\"article:publisher\" content=\"https:\/\/www.facebook.com\/inlinguaRegensburg\" \/>\n<meta property=\"article:modified_time\" content=\"2025-03-05T10:16:00+00:00\" \/>\n<meta name=\"twitter:card\" content=\"summary_large_image\" \/>\n<meta name=\"twitter:label1\" content=\"Gesch\u00e4tzte Lesezeit\" \/>\n\t<meta name=\"twitter:data1\" content=\"2\u00a0Minuten\" \/>\n<script type=\"application\/ld+json\" class=\"yoast-schema-graph\">{\"@context\":\"https:\/\/schema.org\",\"@graph\":[{\"@type\":\"WebPage\",\"@id\":\"https:\/\/inlingua-regensburg.de\/index.php\/impressum\/\",\"url\":\"https:\/\/inlingua-regensburg.de\/index.php\/impressum\/\",\"name\":\"Impressum - Inlingua Regensburg\",\"isPartOf\":{\"@id\":\"https:\/\/inlingua-regensburg.de\/#website\"},\"datePublished\":\"2025-03-03T11:40:07+00:00\",\"dateModified\":\"2025-03-05T10:16:00+00:00\",\"description\":\"Deutsch test b1Deutsch Pr\u00fcfung b1Deutsch b1 Regensburg\",\"breadcrumb\":{\"@id\":\"https:\/\/inlingua-regensburg.de\/index.php\/impressum\/#breadcrumb\"},\"inLanguage\":\"de\",\"potentialAction\":[{\"@type\":\"ReadAction\",\"target\":[\"https:\/\/inlingua-regensburg.de\/index.php\/impressum\/\"]}]},{\"@type\":\"BreadcrumbList\",\"@id\":\"https:\/\/inlingua-regensburg.de\/index.php\/impressum\/#breadcrumb\",\"itemListElement\":[{\"@type\":\"ListItem\",\"position\":1,\"name\":\"Home\",\"item\":\"https:\/\/inlingua-regensburg.de\/\"},{\"@type\":\"ListItem\",\"position\":2,\"name\":\"Impressum\"}]},{\"@type\":\"WebSite\",\"@id\":\"https:\/\/inlingua-regensburg.de\/#website\",\"url\":\"https:\/\/inlingua-regensburg.de\/\",\"name\":\"Inlingua Regensburg\",\"description\":\"inlingua ist eines der gr\u00f6\u00dften Netzwerke f\u00fcr fremdsprachliche Aus- und Weiterbildung weltweit.\",\"publisher\":{\"@id\":\"https:\/\/inlingua-regensburg.de\/#organization\"},\"potentialAction\":[{\"@type\":\"SearchAction\",\"target\":{\"@type\":\"EntryPoint\",\"urlTemplate\":\"https:\/\/inlingua-regensburg.de\/?s={search_term_string}\"},\"query-input\":{\"@type\":\"PropertyValueSpecification\",\"valueRequired\":true,\"valueName\":\"search_term_string\"}}],\"inLanguage\":\"de\"},{\"@type\":\"Organization\",\"@id\":\"https:\/\/inlingua-regensburg.de\/#organization\",\"name\":\"Inlingua Regensburg\",\"url\":\"https:\/\/inlingua-regensburg.de\/\",\"logo\":{\"@type\":\"ImageObject\",\"inLanguage\":\"de\",\"@id\":\"https:\/\/inlingua-regensburg.de\/#\/schema\/logo\/image\/\",\"url\":\"https:\/\/inlingua-regensburg.de\/wp-content\/uploads\/2022\/06\/1601467324747-removebg-preview.png\",\"contentUrl\":\"https:\/\/inlingua-regensburg.de\/wp-content\/uploads\/2022\/06\/1601467324747-removebg-preview.png\",\"width\":200,\"height\":200,\"caption\":\"Inlingua Regensburg\"},\"image\":{\"@id\":\"https:\/\/inlingua-regensburg.de\/#\/schema\/logo\/image\/\"},\"sameAs\":[\"https:\/\/www.facebook.com\/inlinguaRegensburg\"]}]}<\/script>\n<!-- \/ Yoast SEO plugin. -->","yoast_head_json":{"title":"Impressum - Inlingua Regensburg","description":"Deutsch test b1Deutsch Pr\u00fcfung b1Deutsch b1 Regensburg","robots":{"index":"index","follow":"follow","max-snippet":"max-snippet:-1","max-image-preview":"max-image-preview:large","max-video-preview":"max-video-preview:-1"},"canonical":"https:\/\/inlingua-regensburg.de\/index.php\/impressum\/","og_locale":"de_DE","og_type":"article","og_title":"Impressum - Inlingua Regensburg","og_description":"Deutsch test b1Deutsch Pr\u00fcfung b1Deutsch b1 Regensburg","og_url":"https:\/\/inlingua-regensburg.de\/index.php\/impressum\/","og_site_name":"Inlingua Regensburg","article_publisher":"https:\/\/www.facebook.com\/inlinguaRegensburg","article_modified_time":"2025-03-05T10:16:00+00:00","twitter_card":"summary_large_image","twitter_misc":{"Gesch\u00e4tzte Lesezeit":"2\u00a0Minuten"},"schema":{"@context":"https:\/\/schema.org","@graph":[{"@type":"WebPage","@id":"https:\/\/inlingua-regensburg.de\/index.php\/impressum\/","url":"https:\/\/inlingua-regensburg.de\/index.php\/impressum\/","name":"Impressum - Inlingua Regensburg","isPartOf":{"@id":"https:\/\/inlingua-regensburg.de\/#website"},"datePublished":"2025-03-03T11:40:07+00:00","dateModified":"2025-03-05T10:16:00+00:00","description":"Deutsch test b1Deutsch Pr\u00fcfung b1Deutsch b1 Regensburg","breadcrumb":{"@id":"https:\/\/inlingua-regensburg.de\/index.php\/impressum\/#breadcrumb"},"inLanguage":"de","potentialAction":[{"@type":"ReadAction","target":["https:\/\/inlingua-regensburg.de\/index.php\/impressum\/"]}]},{"@type":"BreadcrumbList","@id":"https:\/\/inlingua-regensburg.de\/index.php\/impressum\/#breadcrumb","itemListElement":[{"@type":"ListItem","position":1,"name":"Home","item":"https:\/\/inlingua-regensburg.de\/"},{"@type":"ListItem","position":2,"name":"Impressum"}]},{"@type":"WebSite","@id":"https:\/\/inlingua-regensburg.de\/#website","url":"https:\/\/inlingua-regensburg.de\/","name":"Inlingua Regensburg","description":"inlingua ist eines der gr\u00f6\u00dften Netzwerke f\u00fcr fremdsprachliche Aus- und Weiterbildung weltweit.","publisher":{"@id":"https:\/\/inlingua-regensburg.de\/#organization"},"potentialAction":[{"@type":"SearchAction","target":{"@type":"EntryPoint","urlTemplate":"https:\/\/inlingua-regensburg.de\/?s={search_term_string}"},"query-input":{"@type":"PropertyValueSpecification","valueRequired":true,"valueName":"search_term_string"}}],"inLanguage":"de"},{"@type":"Organization","@id":"https:\/\/inlingua-regensburg.de\/#organization","name":"Inlingua Regensburg","url":"https:\/\/inlingua-regensburg.de\/","logo":{"@type":"ImageObject","inLanguage":"de","@id":"https:\/\/inlingua-regensburg.de\/#\/schema\/logo\/image\/","url":"https:\/\/inlingua-regensburg.de\/wp-content\/uploads\/2022\/06\/1601467324747-removebg-preview.png","contentUrl":"https:\/\/inlingua-regensburg.de\/wp-content\/uploads\/2022\/06\/1601467324747-removebg-preview.png","width":200,"height":200,"caption":"Inlingua Regensburg"},"image":{"@id":"https:\/\/inlingua-regensburg.de\/#\/schema\/logo\/image\/"},"sameAs":["https:\/\/www.facebook.com\/inlinguaRegensburg"]}]}},"jetpack_sharing_enabled":true,"_links":{"self":[{"href":"https:\/\/inlingua-regensburg.de\/index.php\/wp-json\/wp\/v2\/pages\/22073","targetHints":{"allow":["GET"]}}],"collection":[{"href":"https:\/\/inlingua-regensburg.de\/index.php\/wp-json\/wp\/v2\/pages"}],"about":[{"href":"https:\/\/inlingua-regensburg.de\/index.php\/wp-json\/wp\/v2\/types\/page"}],"author":[{"embeddable":true,"href":"https:\/\/inlingua-regensburg.de\/index.php\/wp-json\/wp\/v2\/users\/1"}],"replies":[{"embeddable":true,"href":"https:\/\/inlingua-regensburg.de\/index.php\/wp-json\/wp\/v2\/comments?post=22073"}],"version-history":[{"count":0,"href":"https:\/\/inlingua-regensburg.de\/index.php\/wp-json\/wp\/v2\/pages\/22073\/revisions"}],"wp:attachment":[{"href":"https:\/\/inlingua-regensburg.de\/index.php\/wp-json\/wp\/v2\/media?parent=22073"}],"curies":[{"name":"wp","href":"https:\/\/api.w.org\/{rel}","templated":true}]}}