{"id":18812,"date":"2023-11-03T13:38:26","date_gmt":"2023-11-03T13:38:26","guid":{"rendered":"https:\/\/inlingua-regensburg.de\/neuesite\/?page_id=18812"},"modified":"2023-12-31T20:39:23","modified_gmt":"2023-12-31T20:39:23","slug":"placement-test","status":"publish","type":"page","link":"https:\/\/inlingua-regensburg.de\/index.php\/placement-test\/","title":{"rendered":"Placement Test"},"content":{"rendered":"\t\t<div data-elementor-type=\"wp-page\" data-elementor-id=\"18812\" class=\"elementor elementor-18812\">\n\t\t\t\t<div class=\"elementor-element elementor-element-431a2be e-con-full e-flex e-con e-parent\" data-id=\"431a2be\" data-element_type=\"container\">\n\t\t\t\t<div class=\"elementor-element elementor-element-e20bfe2 elementor-widget__width-initial elementor-widget elementor-widget-html\" data-id=\"e20bfe2\" data-element_type=\"widget\" data-widget_type=\"html.default\">\n\t\t\t\t<div class=\"elementor-widget-container\">\n\t\t\t\t\t<div class=\"container data-uid-32237 frame-space-after-small container-lg-fullWith mpLastContainerElement\">\r\n    <div class=\"row frame-layout-0 frame-space-before- frame-space-after-\" data-row=\"32236\">\r\n        <div class=\"col-md-12\" data-key=\"columns.0\" data-column=\"32236\">\r\n            <div id=\"c32235\" class=\"frame frame-default default frame-type-menu_subpages frame-layout-einstufungstestsitemap\">\r\n                <div class=\"row frame-layout-0 no-gutters\">\r\n                    <div class=\"col-12 frame frame-default default frame-type-list frame-layout-0\">\r\n                        <div class=\"row no-gutters tileRowSmall tileRowColor7 sideBySide\">\r\n                            <div class=\"col-sm-12 col-md-12 col-lg-6\">\r\n                                <div class=\"row no-gutters tileRowSmall tileRowColor7 sideBySide\">\r\n                                    <div class=\"col-md-6 col-sm-6 tileTextBlock\">\r\n                                        <a href=\"https:\/\/regensburg.inlingua-deutschland.de\/deutsch\" title=\"Machen Sie diesen dynamischen Einstufungstest, um das Niveau Ihrer Deutschkenntnisse zu ermitteln.\">\r\n                                            <div class=\"tiltContent\">\r\n                                                <h3 class=\"ce-headline-left\">Deutsch<\/h3>\r\n                                                <p>Machen Sie diesen dynamischen Einstufungstest, um das Niveau Ihrer Deutschkenntnisse zu ermitteln.<\/p>\r\n                                            <\/div>\r\n                                        <\/a>\r\n                                    <\/div>\r\n                                    <div class=\"col-md-6 col-sm-6 tileMediaBlock tileTextBlockArrowRight\">\r\n                                        <a href=\"https:\/\/regensburg.inlingua-deutschland.de\/deutsch\" title=\"Machen Sie diesen dynamischen Einstufungstest, um das Niveau Ihrer Deutschkenntnisse zu ermitteln.\">\r\n                                            <img fetchpriority=\"high\" decoding=\"async\" class=\"img-fluid\" title=\"Machen Sie diesen dynamischen Einstufungstest, um das Niveau Ihrer Deutschkenntnisse zu ermitteln.\" alt=\"Machen Sie diesen dynamischen Einstufungstest, um das Niveau Ihrer Deutschkenntnisse zu ermitteln.\" src=\"https:\/\/inlingua-regensburg.de\/wp-content\/uploads\/2023\/11\/einstufungstest_icon_deutsch.svg\" width=\"1000\" height=\"1000\">\r\n                                        <\/a>\r\n                                    <\/div>\r\n                                <\/div>\r\n                            <\/div>\r\n                            <div class=\"col-sm-12 col-md-12 col-lg-6\">\r\n                                <div class=\"row no-gutters tileRowSmall tileRowColor7 sideBySide\">\r\n                                    <div class=\"col-md-6 col-sm-6 tileTextBlock\">\r\n                                        <a href=\"https:\/\/regensburg.inlingua-deutschland.de\/englisch\" title=\"Machen Sie diesen dynamischen Einstufungstest, um das Niveau Ihrer Englischkenntnisse zu ermitteln.\">\r\n                                            <div class=\"tiltContent\">\r\n                                                <h3 class=\"ce-headline-left\">Englisch<\/h3>\r\n                                                <p>Machen Sie diesen dynamischen Einstufungstest, um das Niveau Ihrer Englischkenntnisse zu ermitteln.<\/p>\r\n                                            <\/div>\r\n                                        <\/a>\r\n                                    <\/div>\r\n                                    <div class=\"col-md-6 col-sm-6 tileMediaBlock tileTextBlockArrowRight\">\r\n                                        <a href=\"https:\/\/regensburg.inlingua-deutschland.de\/englisch\" title=\"Machen Sie diesen dynamischen Einstufungstest, um das Niveau Ihrer Englischkenntnisse zu ermitteln.\">\r\n                                            <img decoding=\"async\" class=\"img-fluid\" title=\"Machen Sie diesen dynamischen Einstufungstest, um das Niveau Ihrer Englischkenntnisse zu ermitteln.\" alt=\"Machen Sie diesen dynamischen Einstufungstest, um das Niveau Ihrer Englischkenntnisse zu ermitteln.\" src=\"https:\/\/inlingua-regensburg.de\/wp-content\/uploads\/2023\/11\/einstufungstest_icon_englisch.svg\" width=\"1000\" height=\"1000\">\r\n                                        <\/a>\r\n                                    <\/div>\r\n                                <\/div>\r\n                            <\/div>\r\n                            <div class=\"col-sm-12 col-md-12 col-lg-6\">\r\n                                <div class \"row no-gutters tileRowSmall tileRowColor7 sideBySide\">\r\n                                    <div class=\"col-md-6 col-sm-6 order-sm-1 order-12 tileMediaBlock tileTextBlockArrowLeft\">\r\n                                        <a href=\"https:\/\/regensburg.inlingua-deutschland.de\/franzoesisch\" title=\"Machen Sie diesen dynamischen Einstufungstest, um das Niveau Ihrer Franz\u00f6sischkenntnisse zu ermitteln.\">\r\n                                            <img decoding=\"async\" class=\"img-fluid\" title=\"Machen Sie diesen dynamischen Einstufungstest, um das Niveau Ihrer Franz\u00f6sischkenntnisse zu ermitteln.\" alt=\"Machen Sie diesen dynamischen Einstufungstest, um das Niveau Ihrer Franz\u00f6sischkenntnisse zu ermitteln.\" src=\"https:\/\/inlingua-regensburg.de\/wp-content\/uploads\/2023\/11\/einstufungstest_icon_franzoesisch.svg\" width=\"1000\" height=\"1000\">\r\n                                        <\/a>\r\n                                    <\/div>\r\n                                    <div class=\"col-md-6 col-sm-6 order-sm-12 order-1 tileTextBlock\">\r\n                                        <a href=\"https:\/\/regensburg.inlingua-deutschland.de\/franzoesisch\" title=\"Machen Sie diesen dynamischen Einstufungstest, um das Niveau Ihrer Franz\u00f6sischkenntnisse zu ermitteln.\">\r\n                                            <div class=\"tiltContent\">\r\n                                                <h3 class=\"ce-headline-left\">Franz\u00f6sisch<\/h3>\r\n                                                <p>Machen Sie diesen dynamischen Einstufungstest, um das Niveau Ihrer Franz\u00f6sischkenntnisse zu ermitteln.<\/p>\r\n                                            <\/div>\r\n                                        <\/a>\r\n                                    <\/div>\r\n                                <\/div>\r\n                            <\/div>\r\n                            <div class=\"col-sm-12 col-md-12 col-lg-6\">\r\n                                <div class=\"row no-gutters tileRowSmall tileRowColor7 sideBySide\">\r\n                                    <div class=\"col-md-6 col-sm-6 order-sm-1 order-12 tileMediaBlock tileTextBlockArrowLeft\">\r\n                                        <a href=\"https:\/\/regensburg.inlingua-deutschland.de\/italienisch\" title=\"Machen Sie diesen dynamischen Einstufungstest, um das Niveau Ihrer Italienischkenntnisse zu ermitteln.\">\r\n                                            <img loading=\"lazy\" decoding=\"async\" class=\"img-fluid\" title=\"Machen Sie diesen dynamischen Einstufungstest, um das Niveau Ihrer Italienischkenntnisse zu ermitteln.\" alt=\"Machen Sie diesen dynamischen Einstufungstest, um das Niveau Ihrer Italienischkenntnisse zu ermitteln.\" src=\"https:\/\/inlingua-regensburg.de\/wp-content\/uploads\/2023\/11\/einstufungstest_icon_italienisch.svg\" width=\"1000\" height=\"1000\">\r\n                                        <\/a>\r\n                                    <\/div>\r\n                                    <div class=\"col-md-6 col-sm-6 order-sm-12 order-1 tileTextBlock\">\r\n                                        <a href=\"https:\/\/regensburg.inlingua-deutschland.de\/italienisch\" title=\"Machen Sie diesen dynamischen Einstufungstest, um das Niveau Ihrer Italienischkenntnisse zu ermitteln.\">\r\n                                            <div class=\"tiltContent\">\r\n                                                <h3 class=\"ce-headline-left\">Italienisch<\/h3>\r\n                                                <p>Machen Sie diesen dynamischen Einstufungstest, um das Niveau Ihrer Italienischkenntnisse zu ermitteln.<\/p>\r\n                                            <\/div>\r\n                                        <\/a>\r\n                                    <\/div>\r\n                                <\/div>\r\n                            <\/div>\r\n                            <div class=\"col-sm-12 col-md-12 col-lg-6\">\r\n                                <div class=\"row no-gutters tileRowSmall tileRowColor7 sideBySide\">\r\n                                    <div class=\"col-md-6 col-sm-6 tileTextBlock\">\r\n                                        <a href=\"https:\/\/regensburg.inlingua-deutschland.de\/spanisch\" title=\"Machen Sie diesen dynamischen Einstufungstest, um das Niveau Ihrer Spanischkenntnisse zu ermitteln.\">\r\n                                            <div class=\"tiltContent\">\r\n                                                <h3 class=\"ce-headline-left\">Spanisch<\/h3>\r\n                                                <p>Machen Sie diesen dynamischen Einstufungstest, um das Niveau Ihrer Spanischkenntnisse zu ermitteln.<\/p>\r\n                                            <\/div>\r\n                                        <\/a>\r\n                                    <\/div>\r\n                                    <div class=\"col-md-6 col-sm-6 tileMediaBlock tileTextBlockArrowRight\">\r\n                                        <a href=\"https:\/\/regensburg.inlingua-deutschland.de\/spanisch\" title=\"Machen Sie diesen dynamischen Einstufungstest, um das Niveau Ihrer Spanischkenntnisse zu ermitteln.\">\r\n                                            <img loading=\"lazy\" decoding=\"async\" class=\"img-fluid\" title=\"Machen Sie diesen dynamischen Einstufungstest, um das Niveau Ihrer Spanischkenntnisse zu ermitteln.\" alt=\"Machen Sie diesen dynamischen Einstufungstest, um das Niveau Ihrer Spanischkenntnisse zu ermitteln.\" src=\"https:\/\/inlingua-regensburg.de\/wp-content\/uploads\/2023\/11\/einstufungstest_icon_spanisch.svg\" width=\"1000\" height=\"1000\">\r\n                                        <\/a>\r\n                                    <\/div>\r\n                                <\/div>\r\n                            <\/div>\r\n                        <\/div>\r\n                    <\/div>\r\n                <\/div>\r\n            <\/div>\r\n        <\/div>\r\n    <\/div>\r\n<\/div>\r\n\t\t\t\t<\/div>\n\t\t\t\t<\/div>\n\t\t\t\t<\/div>\n\t\t\t\t<\/div>\n\t\t","protected":false},"excerpt":{"rendered":"<p>Deutsch Machen Sie diesen dynamischen Einstufungstest, um das Niveau Ihrer Deutschkenntnisse zu ermitteln. Englisch Machen Sie diesen dynamischen Einstufungstest, um das Niveau Ihrer Englischkenntnisse zu ermitteln. Franz\u00f6sisch Machen Sie diesen dynamischen Einstufungstest, um das Niveau Ihrer Franz\u00f6sischkenntnisse zu ermitteln. Italienisch &hellip; <\/p>\n","protected":false},"author":1,"featured_media":0,"parent":0,"menu_order":0,"comment_status":"closed","ping_status":"closed","template":"","meta":{"footnotes":""},"class_list":["post-18812","page","type-page","status-publish","hentry"],"yoast_head":"<!-- This site is optimized with the Yoast SEO plugin v26.4 - https:\/\/yoast.com\/wordpress\/plugins\/seo\/ -->\n<title>Placement Test - Inlingua Regensburg<\/title>\n<meta name=\"description\" content=\"Deutsch test b1Deutsch Pr\u00fcfung b1Deutsch b1 Regensburg\" \/>\n<meta name=\"robots\" content=\"index, follow, max-snippet:-1, max-image-preview:large, max-video-preview:-1\" \/>\n<link rel=\"canonical\" href=\"https:\/\/inlingua-regensburg.de\/index.php\/placement-test\/\" \/>\n<meta property=\"og:locale\" content=\"de_DE\" \/>\n<meta property=\"og:type\" content=\"article\" \/>\n<meta property=\"og:title\" content=\"Placement Test - Inlingua Regensburg\" \/>\n<meta property=\"og:description\" content=\"Deutsch test b1Deutsch Pr\u00fcfung b1Deutsch b1 Regensburg\" \/>\n<meta property=\"og:url\" content=\"https:\/\/inlingua-regensburg.de\/index.php\/placement-test\/\" \/>\n<meta property=\"og:site_name\" content=\"Inlingua Regensburg\" \/>\n<meta property=\"article:publisher\" content=\"https:\/\/www.facebook.com\/inlinguaRegensburg\" \/>\n<meta property=\"article:modified_time\" content=\"2023-12-31T20:39:23+00:00\" \/>\n<meta property=\"og:image\" content=\"https:\/\/inlingua-regensburg.de\/wp-content\/uploads\/2023\/11\/einstufungstest_icon_deutsch.svg\" \/>\n<meta name=\"twitter:card\" content=\"summary_large_image\" \/>\n<script type=\"application\/ld+json\" class=\"yoast-schema-graph\">{\"@context\":\"https:\/\/schema.org\",\"@graph\":[{\"@type\":\"WebPage\",\"@id\":\"https:\/\/inlingua-regensburg.de\/index.php\/placement-test\/\",\"url\":\"https:\/\/inlingua-regensburg.de\/index.php\/placement-test\/\",\"name\":\"Placement Test - Inlingua Regensburg\",\"isPartOf\":{\"@id\":\"https:\/\/inlingua-regensburg.de\/#website\"},\"primaryImageOfPage\":{\"@id\":\"https:\/\/inlingua-regensburg.de\/index.php\/placement-test\/#primaryimage\"},\"image\":{\"@id\":\"https:\/\/inlingua-regensburg.de\/index.php\/placement-test\/#primaryimage\"},\"thumbnailUrl\":\"https:\/\/inlingua-regensburg.de\/wp-content\/uploads\/2023\/11\/einstufungstest_icon_deutsch.svg\",\"datePublished\":\"2023-11-03T13:38:26+00:00\",\"dateModified\":\"2023-12-31T20:39:23+00:00\",\"description\":\"Deutsch test b1Deutsch Pr\u00fcfung b1Deutsch b1 Regensburg\",\"breadcrumb\":{\"@id\":\"https:\/\/inlingua-regensburg.de\/index.php\/placement-test\/#breadcrumb\"},\"inLanguage\":\"de\",\"potentialAction\":[{\"@type\":\"ReadAction\",\"target\":[\"https:\/\/inlingua-regensburg.de\/index.php\/placement-test\/\"]}]},{\"@type\":\"ImageObject\",\"inLanguage\":\"de\",\"@id\":\"https:\/\/inlingua-regensburg.de\/index.php\/placement-test\/#primaryimage\",\"url\":\"https:\/\/inlingua-regensburg.de\/wp-content\/uploads\/2023\/11\/einstufungstest_icon_deutsch.svg\",\"contentUrl\":\"https:\/\/inlingua-regensburg.de\/wp-content\/uploads\/2023\/11\/einstufungstest_icon_deutsch.svg\",\"width\":116,\"height\":116},{\"@type\":\"BreadcrumbList\",\"@id\":\"https:\/\/inlingua-regensburg.de\/index.php\/placement-test\/#breadcrumb\",\"itemListElement\":[{\"@type\":\"ListItem\",\"position\":1,\"name\":\"Home\",\"item\":\"https:\/\/inlingua-regensburg.de\/\"},{\"@type\":\"ListItem\",\"position\":2,\"name\":\"Placement Test\"}]},{\"@type\":\"WebSite\",\"@id\":\"https:\/\/inlingua-regensburg.de\/#website\",\"url\":\"https:\/\/inlingua-regensburg.de\/\",\"name\":\"Inlingua Regensburg\",\"description\":\"inlingua ist eines der gr\u00f6\u00dften Netzwerke f\u00fcr fremdsprachliche Aus- und Weiterbildung weltweit.\",\"publisher\":{\"@id\":\"https:\/\/inlingua-regensburg.de\/#organization\"},\"potentialAction\":[{\"@type\":\"SearchAction\",\"target\":{\"@type\":\"EntryPoint\",\"urlTemplate\":\"https:\/\/inlingua-regensburg.de\/?s={search_term_string}\"},\"query-input\":{\"@type\":\"PropertyValueSpecification\",\"valueRequired\":true,\"valueName\":\"search_term_string\"}}],\"inLanguage\":\"de\"},{\"@type\":\"Organization\",\"@id\":\"https:\/\/inlingua-regensburg.de\/#organization\",\"name\":\"Inlingua Regensburg\",\"url\":\"https:\/\/inlingua-regensburg.de\/\",\"logo\":{\"@type\":\"ImageObject\",\"inLanguage\":\"de\",\"@id\":\"https:\/\/inlingua-regensburg.de\/#\/schema\/logo\/image\/\",\"url\":\"https:\/\/inlingua-regensburg.de\/wp-content\/uploads\/2022\/06\/1601467324747-removebg-preview.png\",\"contentUrl\":\"https:\/\/inlingua-regensburg.de\/wp-content\/uploads\/2022\/06\/1601467324747-removebg-preview.png\",\"width\":200,\"height\":200,\"caption\":\"Inlingua Regensburg\"},\"image\":{\"@id\":\"https:\/\/inlingua-regensburg.de\/#\/schema\/logo\/image\/\"},\"sameAs\":[\"https:\/\/www.facebook.com\/inlinguaRegensburg\"]}]}<\/script>\n<!-- \/ Yoast SEO plugin. -->","yoast_head_json":{"title":"Placement Test - Inlingua Regensburg","description":"Deutsch test b1Deutsch Pr\u00fcfung b1Deutsch b1 Regensburg","robots":{"index":"index","follow":"follow","max-snippet":"max-snippet:-1","max-image-preview":"max-image-preview:large","max-video-preview":"max-video-preview:-1"},"canonical":"https:\/\/inlingua-regensburg.de\/index.php\/placement-test\/","og_locale":"de_DE","og_type":"article","og_title":"Placement Test - Inlingua Regensburg","og_description":"Deutsch test b1Deutsch Pr\u00fcfung b1Deutsch b1 Regensburg","og_url":"https:\/\/inlingua-regensburg.de\/index.php\/placement-test\/","og_site_name":"Inlingua Regensburg","article_publisher":"https:\/\/www.facebook.com\/inlinguaRegensburg","article_modified_time":"2023-12-31T20:39:23+00:00","og_image":[{"url":"https:\/\/inlingua-regensburg.de\/wp-content\/uploads\/2023\/11\/einstufungstest_icon_deutsch.svg","type":"","width":"","height":""}],"twitter_card":"summary_large_image","schema":{"@context":"https:\/\/schema.org","@graph":[{"@type":"WebPage","@id":"https:\/\/inlingua-regensburg.de\/index.php\/placement-test\/","url":"https:\/\/inlingua-regensburg.de\/index.php\/placement-test\/","name":"Placement Test - Inlingua Regensburg","isPartOf":{"@id":"https:\/\/inlingua-regensburg.de\/#website"},"primaryImageOfPage":{"@id":"https:\/\/inlingua-regensburg.de\/index.php\/placement-test\/#primaryimage"},"image":{"@id":"https:\/\/inlingua-regensburg.de\/index.php\/placement-test\/#primaryimage"},"thumbnailUrl":"https:\/\/inlingua-regensburg.de\/wp-content\/uploads\/2023\/11\/einstufungstest_icon_deutsch.svg","datePublished":"2023-11-03T13:38:26+00:00","dateModified":"2023-12-31T20:39:23+00:00","description":"Deutsch test b1Deutsch Pr\u00fcfung b1Deutsch b1 Regensburg","breadcrumb":{"@id":"https:\/\/inlingua-regensburg.de\/index.php\/placement-test\/#breadcrumb"},"inLanguage":"de","potentialAction":[{"@type":"ReadAction","target":["https:\/\/inlingua-regensburg.de\/index.php\/placement-test\/"]}]},{"@type":"ImageObject","inLanguage":"de","@id":"https:\/\/inlingua-regensburg.de\/index.php\/placement-test\/#primaryimage","url":"https:\/\/inlingua-regensburg.de\/wp-content\/uploads\/2023\/11\/einstufungstest_icon_deutsch.svg","contentUrl":"https:\/\/inlingua-regensburg.de\/wp-content\/uploads\/2023\/11\/einstufungstest_icon_deutsch.svg","width":116,"height":116},{"@type":"BreadcrumbList","@id":"https:\/\/inlingua-regensburg.de\/index.php\/placement-test\/#breadcrumb","itemListElement":[{"@type":"ListItem","position":1,"name":"Home","item":"https:\/\/inlingua-regensburg.de\/"},{"@type":"ListItem","position":2,"name":"Placement Test"}]},{"@type":"WebSite","@id":"https:\/\/inlingua-regensburg.de\/#website","url":"https:\/\/inlingua-regensburg.de\/","name":"Inlingua Regensburg","description":"inlingua ist eines der gr\u00f6\u00dften Netzwerke f\u00fcr fremdsprachliche Aus- und Weiterbildung weltweit.","publisher":{"@id":"https:\/\/inlingua-regensburg.de\/#organization"},"potentialAction":[{"@type":"SearchAction","target":{"@type":"EntryPoint","urlTemplate":"https:\/\/inlingua-regensburg.de\/?s={search_term_string}"},"query-input":{"@type":"PropertyValueSpecification","valueRequired":true,"valueName":"search_term_string"}}],"inLanguage":"de"},{"@type":"Organization","@id":"https:\/\/inlingua-regensburg.de\/#organization","name":"Inlingua Regensburg","url":"https:\/\/inlingua-regensburg.de\/","logo":{"@type":"ImageObject","inLanguage":"de","@id":"https:\/\/inlingua-regensburg.de\/#\/schema\/logo\/image\/","url":"https:\/\/inlingua-regensburg.de\/wp-content\/uploads\/2022\/06\/1601467324747-removebg-preview.png","contentUrl":"https:\/\/inlingua-regensburg.de\/wp-content\/uploads\/2022\/06\/1601467324747-removebg-preview.png","width":200,"height":200,"caption":"Inlingua Regensburg"},"image":{"@id":"https:\/\/inlingua-regensburg.de\/#\/schema\/logo\/image\/"},"sameAs":["https:\/\/www.facebook.com\/inlinguaRegensburg"]}]}},"_links":{"self":[{"href":"https:\/\/inlingua-regensburg.de\/index.php\/wp-json\/wp\/v2\/pages\/18812","targetHints":{"allow":["GET"]}}],"collection":[{"href":"https:\/\/inlingua-regensburg.de\/index.php\/wp-json\/wp\/v2\/pages"}],"about":[{"href":"https:\/\/inlingua-regensburg.de\/index.php\/wp-json\/wp\/v2\/types\/page"}],"author":[{"embeddable":true,"href":"https:\/\/inlingua-regensburg.de\/index.php\/wp-json\/wp\/v2\/users\/1"}],"replies":[{"embeddable":true,"href":"https:\/\/inlingua-regensburg.de\/index.php\/wp-json\/wp\/v2\/comments?post=18812"}],"version-history":[{"count":0,"href":"https:\/\/inlingua-regensburg.de\/index.php\/wp-json\/wp\/v2\/pages\/18812\/revisions"}],"wp:attachment":[{"href":"https:\/\/inlingua-regensburg.de\/index.php\/wp-json\/wp\/v2\/media?parent=18812"}],"curies":[{"name":"wp","href":"https:\/\/api.w.org\/{rel}","templated":true}]}}