{"id":18759,"date":"2023-11-02T17:41:01","date_gmt":"2023-11-02T17:41:01","guid":{"rendered":"https:\/\/inlingua-regensburg.de\/neuesite\/?page_id=18759"},"modified":"2026-02-16T10:37:35","modified_gmt":"2026-02-16T10:37:35","slug":"language-courses-2","status":"publish","type":"page","link":"https:\/\/inlingua-regensburg.de\/index.php\/language-courses-2\/","title":{"rendered":"Kurse"},"content":{"rendered":"\t\t<div data-elementor-type=\"wp-page\" data-elementor-id=\"18759\" class=\"elementor elementor-18759\">\n\t\t\t\t<div class=\"elementor-element elementor-element-a488b7d e-flex e-con-boxed e-con e-parent\" data-id=\"a488b7d\" data-element_type=\"container\">\n\t\t\t\t\t<div class=\"e-con-inner\">\n\t\t<div class=\"elementor-element elementor-element-5ee0d97 e-flex e-con-boxed e-con e-child\" data-id=\"5ee0d97\" data-element_type=\"container\">\n\t\t\t\t\t<div class=\"e-con-inner\">\n\t\t<div class=\"elementor-element elementor-element-989d81c e-flex e-con-boxed e-con e-child\" data-id=\"989d81c\" data-element_type=\"container\">\n\t\t\t\t\t<div class=\"e-con-inner\">\n\t\t<div class=\"elementor-element elementor-element-b91902f e-con-full e-flex e-con e-child\" data-id=\"b91902f\" data-element_type=\"container\" data-settings=\"{&quot;background_background&quot;:&quot;classic&quot;}\">\n\t\t\t\t<div class=\"elementor-element elementor-element-a2e3eb0 e-transform elementor-widget elementor-widget-heading\" data-id=\"a2e3eb0\" data-element_type=\"widget\" data-settings=\"{&quot;_transform_scale_effect&quot;:{&quot;unit&quot;:&quot;px&quot;,&quot;size&quot;:2,&quot;sizes&quot;:[]},&quot;_transform_scale_effect_tablet&quot;:{&quot;unit&quot;:&quot;px&quot;,&quot;size&quot;:&quot;&quot;,&quot;sizes&quot;:[]},&quot;_transform_scale_effect_mobile&quot;:{&quot;unit&quot;:&quot;px&quot;,&quot;size&quot;:&quot;&quot;,&quot;sizes&quot;:[]}}\" data-widget_type=\"heading.default\">\n\t\t\t\t<div class=\"elementor-widget-container\">\n\t\t\t\t\t<h1 class=\"elementor-heading-title elementor-size-default\">Firmenkurse<\/h1>\t\t\t\t<\/div>\n\t\t\t\t<\/div>\n\t\t\t\t<\/div>\n\t\t<div class=\"elementor-element elementor-element-c4e093b e-con-full e-flex e-con e-child\" data-id=\"c4e093b\" data-element_type=\"container\">\n\t\t\t\t<div class=\"elementor-element elementor-element-251d036 elementor-widget elementor-widget-html\" data-id=\"251d036\" data-element_type=\"widget\" data-widget_type=\"html.default\">\n\t\t\t\t<div class=\"elementor-widget-container\">\n\t\t\t\t\t<p> M\u00f6chten Sie die Effizienz Ihrer Arbeitskr\u00e4fte steigern und gleichzeitig die interkulturelle Kompetenz Ihres Teams verbessern? Unsere Sprachakademie bietet ma\u00dfgeschneiderte Firmenkurse an, die auf die spezifischen Anforderungen Ihres Unternehmens zugeschnitten sind. Mit unserem breiten Angebot an Sprachen, flexiblen Stundenpl\u00e4nen und hochqualifizierten Dozenten unterst\u00fctzen wir Unternehmen dabei, ihre Mitarbeiter optimal zu schulen und ihre globale Reichweite zu erweitern.<br><br>\r\n\r\nWarum Firmenkurse bei uns?<\/p>\r\n<a href=\"https:\/\/inlingua-regensburg.de\/index.php\/2024\/03\/31\/steigern-sie-die-produktivitat-ihres-teams-mit-masgeschneiderten-firmenkursen-in-allen-sprachen-auf-allen-niveaus-und-in-jeder-fachrichtung\/\">Mehr Lesen<\/a>\t\t\t\t<\/div>\n\t\t\t\t<\/div>\n\t\t\t\t<\/div>\n\t\t\t\t\t<\/div>\n\t\t\t\t<\/div>\n\t\t\t\t\t<\/div>\n\t\t\t\t<\/div>\n\t\t<div class=\"elementor-element elementor-element-5a24add e-flex e-con-boxed e-con e-child\" data-id=\"5a24add\" data-element_type=\"container\">\n\t\t\t\t\t<div class=\"e-con-inner\">\n\t\t<div class=\"elementor-element elementor-element-4e643e1 e-flex e-con-boxed e-con e-child\" data-id=\"4e643e1\" data-element_type=\"container\">\n\t\t\t\t\t<div class=\"e-con-inner\">\n\t\t<div class=\"elementor-element elementor-element-5d211c9 e-con-full e-flex e-con e-child\" data-id=\"5d211c9\" data-element_type=\"container\" data-settings=\"{&quot;background_background&quot;:&quot;classic&quot;}\">\n\t\t\t\t<div class=\"elementor-element elementor-element-e4e217e e-transform elementor-widget elementor-widget-heading\" data-id=\"e4e217e\" data-element_type=\"widget\" data-settings=\"{&quot;_transform_scale_effect&quot;:{&quot;unit&quot;:&quot;px&quot;,&quot;size&quot;:2,&quot;sizes&quot;:[]},&quot;_transform_scale_effect_tablet&quot;:{&quot;unit&quot;:&quot;px&quot;,&quot;size&quot;:&quot;&quot;,&quot;sizes&quot;:[]},&quot;_transform_scale_effect_mobile&quot;:{&quot;unit&quot;:&quot;px&quot;,&quot;size&quot;:&quot;&quot;,&quot;sizes&quot;:[]}}\" data-widget_type=\"heading.default\">\n\t\t\t\t<div class=\"elementor-widget-container\">\n\t\t\t\t\t<h2 class=\"elementor-heading-title elementor-size-default\">Business\nEnglish<span><\/span><\/h2>\t\t\t\t<\/div>\n\t\t\t\t<\/div>\n\t\t\t\t<\/div>\n\t\t<div class=\"elementor-element elementor-element-6bdfc5a e-con-full e-flex e-con e-child\" data-id=\"6bdfc5a\" data-element_type=\"container\">\n\t\t\t\t<div class=\"elementor-element elementor-element-b0ddf07 elementor-widget elementor-widget-html\" data-id=\"b0ddf07\" data-element_type=\"widget\" data-widget_type=\"html.default\">\n\t\t\t\t<div class=\"elementor-widget-container\">\n\t\t\t\t\t<!DOCTYPE html>\n<html lang=\"de\">\n<head>\n    <meta charset=\"UTF-8\">\n    <meta name=\"viewport\" content=\"width=device-width, initial-scale=1.0\">\n    <title>Kurszeiten<\/title>\n    <style>\n        table {\n            border-collapse: collapse;\n            width: 100%;\n        }\n        th, td {\n            border: 1px solid #dddddd;\n            text-align: left;\n            padding: 8px;\n        }\n        th {\n            background-color: #f2f2f2;\n        }\n    <\/style>\n<\/head>\n<body>\n\n<table>\n    <thead>\n        <tr>\n            <th>Typ<\/th>\n            <th>Wochentage<\/th>\n            <th>Uhrzeit<\/th>\n            <th>Start<\/th>\n        <\/tr>\n    <\/thead>\n    <tbody>\n        <tr>\n            <td>A1 Online<\/td>\n            <td>Mittwoch<\/td>\n            <td>17:00 - 18:30<\/td>\n            <td>Start: M\u00e4rz 2026<\/td>\n        <\/tr>\n        <tr>\n            \n            <td>A2 Online<\/td>\n            <td>Donnerstag<\/td>\n            <td>16:30 - 18:00<\/td>\n            <td>Start: Aug 2026<\/td>\n        <\/tr>\n        <tr>\n            <td>B1 Pr\u00e4senz<\/td>\n            <td>Mittwoch<\/td>\n            <td>17:00 - 18:30<\/td>\n            <td>Start: Mai 2026<\/td>\n        <\/tr>\n        <tr>\n            \n            <td>B1.2 Online<\/td>\n            <td>Donnerstag<\/td>\n            <td>17:30 - 19:00<\/td>\n            <td>Start:  M\u00e4rz 2026<\/td>\n        <\/tr>\n        <tr>\n            <td>B1.2+ Online<\/td>\n            <td>Dienstag<\/td>\n            <td>17:30 - 19:00<\/td>\n            <td>Start: Feb 2026<\/td>\n        <\/tr>\n        <tr>\n            <td>B1\/B2 Konversationskurs Pr\u00e4senz<\/td>\n            <td>Dienstag<\/td>\n            <td>17:20 - 18:50<\/td>\n            <td>Laufend<\/td>\n        <\/tr>\n        <tr>\n            <td>General English B2 Online<\/td>\n            <td>Dienstag<\/td>\n            <td>17:00 - 18:30<\/td>\n            <td>Start: Feb 2026<\/td>\n        <\/tr>\n        <tr>\n\n            <td>B2.2 Online<\/td>\n            <td>Dienstag<\/td>\n            <td>17:30 - 19:00<\/td>\n            <td>Start: Mai 2026<br>\n            <\/td>\n        <\/tr>\n        <tr>\n            <td>C1.2 Pr\u00e4senz<\/td>\n            <td>Montag<\/td>\n            <td>18:30 - 20:00<\/td>\n            <td>Start: Feb 2026 <\/td>\n        <\/tr>\n        <tr>\n            <td>C1.2+ Pr\u00e4senz<\/td>\n            <td>Dienstag<\/td>\n            <td>17:20 - 18:50<\/td>\n            <td>Start: Feb 2026<\/td>\n        <\/tr>\n        <tr>\n            <td>Anf C2 Pr\u00e4senz<\/td>\n            <td>Dienstag<\/td>\n            <td>17:30 - 19:00<\/td>\n            <td>Start: Apr 2026<\/td>\n        <\/tr>\n    <\/tbody>\n<\/table>\n\n<\/body>\n<\/html>\n\t\t\t\t<\/div>\n\t\t\t\t<\/div>\n\t\t\t\t<\/div>\n\t\t\t\t\t<\/div>\n\t\t\t\t<\/div>\n\t\t\t\t\t<\/div>\n\t\t\t\t<\/div>\n\t\t<div class=\"elementor-element elementor-element-c31747e e-flex e-con-boxed e-con e-child\" data-id=\"c31747e\" data-element_type=\"container\">\n\t\t\t\t\t<div class=\"e-con-inner\">\n\t\t<div class=\"elementor-element elementor-element-660ea18 e-con-full e-flex e-con e-child\" data-id=\"660ea18\" data-element_type=\"container\" data-settings=\"{&quot;background_background&quot;:&quot;classic&quot;}\">\n\t\t\t\t<div class=\"elementor-element elementor-element-521af44 e-transform elementor-widget elementor-widget-heading\" data-id=\"521af44\" data-element_type=\"widget\" data-settings=\"{&quot;_transform_scale_effect&quot;:{&quot;unit&quot;:&quot;px&quot;,&quot;size&quot;:2,&quot;sizes&quot;:[]},&quot;_transform_scale_effect_tablet&quot;:{&quot;unit&quot;:&quot;px&quot;,&quot;size&quot;:&quot;&quot;,&quot;sizes&quot;:[]},&quot;_transform_scale_effect_mobile&quot;:{&quot;unit&quot;:&quot;px&quot;,&quot;size&quot;:&quot;&quot;,&quot;sizes&quot;:[]}}\" data-widget_type=\"heading.default\">\n\t\t\t\t<div class=\"elementor-widget-container\">\n\t\t\t\t\t<h2 class=\"elementor-heading-title elementor-size-default\">Deutsch<\/h2>\t\t\t\t<\/div>\n\t\t\t\t<\/div>\n\t\t\t\t<\/div>\n\t\t<div class=\"elementor-element elementor-element-023bd34 e-con-full e-flex e-con e-child\" data-id=\"023bd34\" data-element_type=\"container\">\n\t\t\t\t<div class=\"elementor-element elementor-element-1f8db34 elementor-widget elementor-widget-html\" data-id=\"1f8db34\" data-element_type=\"widget\" data-widget_type=\"html.default\">\n\t\t\t\t<div class=\"elementor-widget-container\">\n\t\t\t\t\t<!DOCTYPE html>\r\n<html lang=\"de\">\r\n<head>\r\n    <meta charset=\"UTF-8\">\r\n    <meta name=\"viewport\" content=\"width=device-width, initial-scale=1.0\">\r\n    <title>Kursplan<\/title>\r\n    <style>\r\n        table {\r\n            border-collapse: collapse;\r\n            width: 100%;\r\n        }\r\n        th, td {\r\n            border: 1px solid #dddddd;\r\n            text-align: left;\r\n            padding: 8px;\r\n        }\r\n        th {\r\n            background-color: #f2f2f2;\r\n        }\r\n    <\/style>\r\n<\/head>\r\n<body>\r\n\r\n<table>\r\n    <thead>\r\n        <tr>\r\n            <th>Typ<\/th>\r\n            <th>Wochentage<\/th>\r\n            <th>Uhzeit<\/th>\r\n            <th>Start<\/th>\r\n        <\/tr>\r\n    <\/thead>\r\n    <tbody>\r\n        <tr>\r\n            <td>A2 Abends | Online<\/td>\r\n            <td>Montag<\/td>\r\n            <td>18:00 - 19:30<\/td>\r\n            <td>Start: Jan 2026<\/td>\r\n        <\/tr>\r\n        <tr>\r\n            <td>B1 Abends | Pr\u00e4senz<\/td>\r\n            <td>Dienstag und Donnerstag<\/td>\r\n            <td>17:00 - 18:30<\/td>\r\n            <td>Pr\u00fcfungsvorbereitung \/ Einstieg jederzeit m\u00f6glich<\/td>\r\n        <\/tr>\r\n        <tr>\r\n            <td>B2 Abends | Pr\u00e4senz<\/td>\r\n            <td>Dienstag und Donnerstag<\/td>\r\n            <td>18:45 - 20:15<\/td>\r\n            <td>Konversationskurs, Interaktive Spielgruppe \/ Einstieg jederzeit m\u00f6glich<\/td>\r\n        <\/tr>\r\n        <tr>\r\n            <td>B2 INT | Hybrid: Online & Pr\u00e4senz<\/td>\r\n            <td>Montag - Freitag<\/td>\r\n            <td>09:45 - 12:15<\/td>\r\n            <td>Karussellkurs \/ Einstieg jederzeit m\u00f6glich<\/td>\r\n        <\/tr>\r\n        <tr>\r\n        <tr>\r\n  \r\n            <td>Einzeltraining Pr\u00fcfungsvorbereitung -  \r\n            Telc Deutsch B1, B2, B2 Pflege, C1 allg., oder C1 Hochschule <\/td>\r\n            <td>Kursstart: nach Absprache<\/td>\r\n            <td>Uhrzeit: nach Absprache<\/td>\r\n            <td>Einstieg jederzeit m\u00f6glich <\/td>\r\n        \r\n        <\/tr>\r\n    <\/tbody>\r\n<\/table>\r\n\r\n<\/body>\r\n<\/html>\r\n\t\t\t\t<\/div>\n\t\t\t\t<\/div>\n\t\t\t\t<\/div>\n\t\t\t\t\t<\/div>\n\t\t\t\t<\/div>\n\t\t<div class=\"elementor-element elementor-element-27a555e e-flex e-con-boxed e-con e-child\" data-id=\"27a555e\" data-element_type=\"container\">\n\t\t\t\t\t<div class=\"e-con-inner\">\n\t\t<div class=\"elementor-element elementor-element-eb6806b e-flex e-con-boxed e-con e-child\" data-id=\"eb6806b\" data-element_type=\"container\">\n\t\t\t\t\t<div class=\"e-con-inner\">\n\t\t<div class=\"elementor-element elementor-element-b983ace e-con-full e-flex e-con e-child\" data-id=\"b983ace\" data-element_type=\"container\" data-settings=\"{&quot;background_background&quot;:&quot;classic&quot;}\">\n\t\t\t\t<div class=\"elementor-element elementor-element-53f9b14 e-transform elementor-widget elementor-widget-heading\" data-id=\"53f9b14\" data-element_type=\"widget\" data-settings=\"{&quot;_transform_scale_effect&quot;:{&quot;unit&quot;:&quot;px&quot;,&quot;size&quot;:2,&quot;sizes&quot;:[]},&quot;_transform_scale_effect_tablet&quot;:{&quot;unit&quot;:&quot;px&quot;,&quot;size&quot;:&quot;&quot;,&quot;sizes&quot;:[]},&quot;_transform_scale_effect_mobile&quot;:{&quot;unit&quot;:&quot;px&quot;,&quot;size&quot;:&quot;&quot;,&quot;sizes&quot;:[]}}\" data-widget_type=\"heading.default\">\n\t\t\t\t<div class=\"elementor-widget-container\">\n\t\t\t\t\t<h2 class=\"elementor-heading-title elementor-size-default\">Andere Sprachen<\/h2>\t\t\t\t<\/div>\n\t\t\t\t<\/div>\n\t\t\t\t<\/div>\n\t\t<div class=\"elementor-element elementor-element-cc1d713 e-con-full e-flex e-con e-child\" data-id=\"cc1d713\" data-element_type=\"container\">\n\t\t\t\t<div class=\"elementor-element elementor-element-8c7be33 elementor-widget elementor-widget-html\" data-id=\"8c7be33\" data-element_type=\"widget\" data-widget_type=\"html.default\">\n\t\t\t\t<div class=\"elementor-widget-container\">\n\t\t\t\t\t<!DOCTYPE html>\r\n<html lang=\"en\">\r\n<head>\r\n    <meta charset=\"UTF-8\">\r\n    <meta name=\"viewport\" content=\"width=device-width, initial-scale=1.0\">\r\n    <title>Language Courses<\/title>\r\n    <style>\r\n        table {\r\n            border-collapse: collapse;\r\n            width: 100%;\r\n        }\r\n        th, td {\r\n            border: 1px solid #dddddd;\r\n            text-align: left;\r\n            padding: 8px;\r\n        }\r\n        th {\r\n            background-color: #f2f2f2;\r\n        }\r\n    <\/style>\r\n<\/head>\r\n<body>\r\n\r\n<table>\r\n    <thead>\r\n        <tr>\r\n            <th>Typ<\/th>\r\n            <th>Wochentage<\/th>\r\n            <th>Uhzeit<\/th>\r\n            <th>Start<\/th>\r\n        <\/tr>\r\n    <\/thead>\r\n    <tbody>\r\n        <tr>\r\n            <td>Spanisch A2 | Pr\u00e4senz<\/td>\r\n            <td>Montag<\/td>\r\n            <td>14:30 - 16:00<\/td>\r\n            <td>Start A2: Feb 2026<\/td>\r\n        <\/tr>\r\n        <tr>\r\n            <td>Portugiesisch A1.2 | Pr\u00e4senz<\/td>\r\n            <td>Donnerstag<\/td>\r\n            <td>08:30 - 10:00<\/td>\r\n            <td>Start: Feb 2026<\/td>\r\n        <\/tr>\r\n        <tr>\r\n            <td>Italienisch B1.2 | Online<\/td>\r\n            <td>Dienstag<\/td>\r\n            <td>18:30 - 20:00<\/td>\r\n            <td>Start: Apr 2026<\/td>\r\n        <\/tr>\r\n    <\/tbody>\r\n<\/table>\r\n\r\n<p><b> Alle anderen Sprachen (Franz\u00f6sisch, Kroatisch, Chinesisch, Ungarisch, Portugiesisch) jederzeit als Einzeltraining m\u00f6glich <\/b><\/p>\r\n\r\n<\/body>\r\n<\/html>\r\n\t\t\t\t<\/div>\n\t\t\t\t<\/div>\n\t\t\t\t<\/div>\n\t\t\t\t\t<\/div>\n\t\t\t\t<\/div>\n\t\t\t\t\t<\/div>\n\t\t\t\t<\/div>\n\t\t<div class=\"elementor-element elementor-element-ed40d9f e-flex e-con-boxed e-con e-child\" data-id=\"ed40d9f\" data-element_type=\"container\">\n\t\t\t\t\t<div class=\"e-con-inner\">\n\t\t<div class=\"elementor-element elementor-element-9ca1f5a e-flex e-con-boxed e-con e-child\" data-id=\"9ca1f5a\" data-element_type=\"container\">\n\t\t\t\t\t<div class=\"e-con-inner\">\n\t\t<div class=\"elementor-element elementor-element-c1013f6 e-con-full e-flex e-con e-child\" data-id=\"c1013f6\" data-element_type=\"container\" data-settings=\"{&quot;background_background&quot;:&quot;classic&quot;}\">\n\t\t\t\t<div class=\"elementor-element elementor-element-0f6366a e-transform elementor-widget elementor-widget-heading\" data-id=\"0f6366a\" data-element_type=\"widget\" data-settings=\"{&quot;_transform_scale_effect&quot;:{&quot;unit&quot;:&quot;px&quot;,&quot;size&quot;:2,&quot;sizes&quot;:[]},&quot;_transform_scale_effect_tablet&quot;:{&quot;unit&quot;:&quot;px&quot;,&quot;size&quot;:&quot;&quot;,&quot;sizes&quot;:[]},&quot;_transform_scale_effect_mobile&quot;:{&quot;unit&quot;:&quot;px&quot;,&quot;size&quot;:&quot;&quot;,&quot;sizes&quot;:[]}}\" data-widget_type=\"heading.default\">\n\t\t\t\t<div class=\"elementor-widget-container\">\n\t\t\t\t\t<h2 class=\"elementor-heading-title elementor-size-default\">Sonstiges<\/h2>\t\t\t\t<\/div>\n\t\t\t\t<\/div>\n\t\t\t\t<\/div>\n\t\t<div class=\"elementor-element elementor-element-bd52c6e e-con-full e-flex e-con e-child\" data-id=\"bd52c6e\" data-element_type=\"container\">\n\t\t\t\t<div class=\"elementor-element elementor-element-a63ac62 elementor-widget elementor-widget-html\" data-id=\"a63ac62\" data-element_type=\"widget\" data-widget_type=\"html.default\">\n\t\t\t\t<div class=\"elementor-widget-container\">\n\t\t\t\t\t<!DOCTYPE html>\r\n<html lang=\"en\">\r\n<head>\r\n    <meta charset=\"UTF-8\">\r\n    <meta name=\"viewport\" content=\"width=device-width, initial-scale=1.0\">\r\n    <title>Simple HTML Table<\/title>\r\n    <style>\r\n        table {\r\n            border-collapse: collapse;\r\n            width: 100%;\r\n        }\r\n        th, td {\r\n            border: 1px solid #dddddd;\r\n            text-align: left;\r\n            padding: 8px;\r\n        }\r\n        th {\r\n            background-color: #f2f2f2;\r\n        }\r\n    <\/style>\r\n<\/head>\r\n<body>\r\n\r\n<table>\r\n    <thead>\r\n        <tr>\r\n            <th>Typ<\/th>\r\n            <th>Wochentage<\/th>\r\n            <th>Uhzeit<\/th>\r\n        <\/tr>\r\n    <\/thead>\r\n    <tbody>\r\n        <tr>\r\n            <td>Italienischer Kochabend   <\/td>\r\n            <td>Montag<\/td>\r\n            <td>Ab 19:00 Uhr  <\/td>\r\n        <\/tr>\r\n        <tr>\r\n            <td>Indischer Kochabend<\/td>\r\n            <td>Montag<\/td>\r\n            <td>Ab 19:00 Uhr <\/td>\r\n        <\/tr>\r\n        <tr>\r\n            <td> <a href=\"https:\/\/inlingua-regensburg.de\/index.php\/veranstaltungen\/\">Jetzt Buchen <\/a> | Sprach-Caff\u00e9<\/td> \r\n            <td>Dienstag<\/td>\r\n            <td>Ab 18:00 Uhr<\/td>\r\n        <\/tr>\r\n\r\n    <\/tbody>\r\n<\/table>\r\n\r\n<\/body>\r\n<\/html>\r\n\t\t\t\t<\/div>\n\t\t\t\t<\/div>\n\t\t\t\t<\/div>\n\t\t\t\t\t<\/div>\n\t\t\t\t<\/div>\n\t\t\t\t\t<\/div>\n\t\t\t\t<\/div>\n\t\t\t\t\t<\/div>\n\t\t\t\t<\/div>\n\t\t<div class=\"elementor-element elementor-element-c8131c7 e-flex e-con-boxed e-con e-parent\" data-id=\"c8131c7\" data-element_type=\"container\">\n\t\t\t\t\t<div class=\"e-con-inner\">\n\t\t\t\t\t<\/div>\n\t\t\t\t<\/div>\n\t\t\t\t<\/div>\n\t\t","protected":false},"excerpt":{"rendered":"<p>Firmenkurse M\u00f6chten Sie die Effizienz Ihrer Arbeitskr\u00e4fte steigern und gleichzeitig die interkulturelle Kompetenz Ihres Teams verbessern? Unsere Sprachakademie bietet ma\u00dfgeschneiderte Firmenkurse an, die auf die spezifischen Anforderungen Ihres Unternehmens zugeschnitten sind. Mit unserem breiten Angebot an Sprachen, flexiblen Stundenpl\u00e4nen und &hellip; <\/p>\n","protected":false},"author":1,"featured_media":0,"parent":0,"menu_order":0,"comment_status":"closed","ping_status":"closed","template":"","meta":{"footnotes":""},"class_list":["post-18759","page","type-page","status-publish","hentry"],"yoast_head":"<!-- This site is optimized with the Yoast SEO plugin v26.4 - https:\/\/yoast.com\/wordpress\/plugins\/seo\/ -->\n<title>Kurse - Inlingua Regensburg<\/title>\n<meta name=\"description\" content=\"Deutsch test b1Deutsch Pr\u00fcfung b1Deutsch b1 Regensburg\" \/>\n<meta name=\"robots\" content=\"index, follow, max-snippet:-1, max-image-preview:large, max-video-preview:-1\" \/>\n<link rel=\"canonical\" href=\"https:\/\/inlingua-regensburg.de\/index.php\/language-courses-2\/\" \/>\n<meta property=\"og:locale\" content=\"de_DE\" \/>\n<meta property=\"og:type\" content=\"article\" \/>\n<meta property=\"og:title\" content=\"Kurse - Inlingua Regensburg\" \/>\n<meta property=\"og:description\" content=\"Deutsch test b1Deutsch Pr\u00fcfung b1Deutsch b1 Regensburg\" \/>\n<meta property=\"og:url\" content=\"https:\/\/inlingua-regensburg.de\/index.php\/language-courses-2\/\" \/>\n<meta property=\"og:site_name\" content=\"Inlingua Regensburg\" \/>\n<meta property=\"article:publisher\" content=\"https:\/\/www.facebook.com\/inlinguaRegensburg\" \/>\n<meta property=\"article:modified_time\" content=\"2026-02-16T10:37:35+00:00\" \/>\n<meta name=\"twitter:card\" content=\"summary_large_image\" \/>\n<meta name=\"twitter:label1\" content=\"Gesch\u00e4tzte Lesezeit\" \/>\n\t<meta name=\"twitter:data1\" content=\"2\u00a0Minuten\" \/>\n<script type=\"application\/ld+json\" class=\"yoast-schema-graph\">{\"@context\":\"https:\/\/schema.org\",\"@graph\":[{\"@type\":\"WebPage\",\"@id\":\"https:\/\/inlingua-regensburg.de\/index.php\/language-courses-2\/\",\"url\":\"https:\/\/inlingua-regensburg.de\/index.php\/language-courses-2\/\",\"name\":\"Kurse - Inlingua Regensburg\",\"isPartOf\":{\"@id\":\"https:\/\/inlingua-regensburg.de\/#website\"},\"datePublished\":\"2023-11-02T17:41:01+00:00\",\"dateModified\":\"2026-02-16T10:37:35+00:00\",\"description\":\"Deutsch test b1Deutsch Pr\u00fcfung b1Deutsch b1 Regensburg\",\"breadcrumb\":{\"@id\":\"https:\/\/inlingua-regensburg.de\/index.php\/language-courses-2\/#breadcrumb\"},\"inLanguage\":\"de\",\"potentialAction\":[{\"@type\":\"ReadAction\",\"target\":[\"https:\/\/inlingua-regensburg.de\/index.php\/language-courses-2\/\"]}]},{\"@type\":\"BreadcrumbList\",\"@id\":\"https:\/\/inlingua-regensburg.de\/index.php\/language-courses-2\/#breadcrumb\",\"itemListElement\":[{\"@type\":\"ListItem\",\"position\":1,\"name\":\"Home\",\"item\":\"https:\/\/inlingua-regensburg.de\/\"},{\"@type\":\"ListItem\",\"position\":2,\"name\":\"Kurse\"}]},{\"@type\":\"WebSite\",\"@id\":\"https:\/\/inlingua-regensburg.de\/#website\",\"url\":\"https:\/\/inlingua-regensburg.de\/\",\"name\":\"Inlingua Regensburg\",\"description\":\"inlingua ist eines der gr\u00f6\u00dften Netzwerke f\u00fcr fremdsprachliche Aus- und Weiterbildung weltweit.\",\"publisher\":{\"@id\":\"https:\/\/inlingua-regensburg.de\/#organization\"},\"potentialAction\":[{\"@type\":\"SearchAction\",\"target\":{\"@type\":\"EntryPoint\",\"urlTemplate\":\"https:\/\/inlingua-regensburg.de\/?s={search_term_string}\"},\"query-input\":{\"@type\":\"PropertyValueSpecification\",\"valueRequired\":true,\"valueName\":\"search_term_string\"}}],\"inLanguage\":\"de\"},{\"@type\":\"Organization\",\"@id\":\"https:\/\/inlingua-regensburg.de\/#organization\",\"name\":\"Inlingua Regensburg\",\"url\":\"https:\/\/inlingua-regensburg.de\/\",\"logo\":{\"@type\":\"ImageObject\",\"inLanguage\":\"de\",\"@id\":\"https:\/\/inlingua-regensburg.de\/#\/schema\/logo\/image\/\",\"url\":\"https:\/\/inlingua-regensburg.de\/wp-content\/uploads\/2022\/06\/1601467324747-removebg-preview.png\",\"contentUrl\":\"https:\/\/inlingua-regensburg.de\/wp-content\/uploads\/2022\/06\/1601467324747-removebg-preview.png\",\"width\":200,\"height\":200,\"caption\":\"Inlingua Regensburg\"},\"image\":{\"@id\":\"https:\/\/inlingua-regensburg.de\/#\/schema\/logo\/image\/\"},\"sameAs\":[\"https:\/\/www.facebook.com\/inlinguaRegensburg\"]}]}<\/script>\n<!-- \/ Yoast SEO plugin. -->","yoast_head_json":{"title":"Kurse - Inlingua Regensburg","description":"Deutsch test b1Deutsch Pr\u00fcfung b1Deutsch b1 Regensburg","robots":{"index":"index","follow":"follow","max-snippet":"max-snippet:-1","max-image-preview":"max-image-preview:large","max-video-preview":"max-video-preview:-1"},"canonical":"https:\/\/inlingua-regensburg.de\/index.php\/language-courses-2\/","og_locale":"de_DE","og_type":"article","og_title":"Kurse - Inlingua Regensburg","og_description":"Deutsch test b1Deutsch Pr\u00fcfung b1Deutsch b1 Regensburg","og_url":"https:\/\/inlingua-regensburg.de\/index.php\/language-courses-2\/","og_site_name":"Inlingua Regensburg","article_publisher":"https:\/\/www.facebook.com\/inlinguaRegensburg","article_modified_time":"2026-02-16T10:37:35+00:00","twitter_card":"summary_large_image","twitter_misc":{"Gesch\u00e4tzte Lesezeit":"2\u00a0Minuten"},"schema":{"@context":"https:\/\/schema.org","@graph":[{"@type":"WebPage","@id":"https:\/\/inlingua-regensburg.de\/index.php\/language-courses-2\/","url":"https:\/\/inlingua-regensburg.de\/index.php\/language-courses-2\/","name":"Kurse - Inlingua Regensburg","isPartOf":{"@id":"https:\/\/inlingua-regensburg.de\/#website"},"datePublished":"2023-11-02T17:41:01+00:00","dateModified":"2026-02-16T10:37:35+00:00","description":"Deutsch test b1Deutsch Pr\u00fcfung b1Deutsch b1 Regensburg","breadcrumb":{"@id":"https:\/\/inlingua-regensburg.de\/index.php\/language-courses-2\/#breadcrumb"},"inLanguage":"de","potentialAction":[{"@type":"ReadAction","target":["https:\/\/inlingua-regensburg.de\/index.php\/language-courses-2\/"]}]},{"@type":"BreadcrumbList","@id":"https:\/\/inlingua-regensburg.de\/index.php\/language-courses-2\/#breadcrumb","itemListElement":[{"@type":"ListItem","position":1,"name":"Home","item":"https:\/\/inlingua-regensburg.de\/"},{"@type":"ListItem","position":2,"name":"Kurse"}]},{"@type":"WebSite","@id":"https:\/\/inlingua-regensburg.de\/#website","url":"https:\/\/inlingua-regensburg.de\/","name":"Inlingua Regensburg","description":"inlingua ist eines der gr\u00f6\u00dften Netzwerke f\u00fcr fremdsprachliche Aus- und Weiterbildung weltweit.","publisher":{"@id":"https:\/\/inlingua-regensburg.de\/#organization"},"potentialAction":[{"@type":"SearchAction","target":{"@type":"EntryPoint","urlTemplate":"https:\/\/inlingua-regensburg.de\/?s={search_term_string}"},"query-input":{"@type":"PropertyValueSpecification","valueRequired":true,"valueName":"search_term_string"}}],"inLanguage":"de"},{"@type":"Organization","@id":"https:\/\/inlingua-regensburg.de\/#organization","name":"Inlingua Regensburg","url":"https:\/\/inlingua-regensburg.de\/","logo":{"@type":"ImageObject","inLanguage":"de","@id":"https:\/\/inlingua-regensburg.de\/#\/schema\/logo\/image\/","url":"https:\/\/inlingua-regensburg.de\/wp-content\/uploads\/2022\/06\/1601467324747-removebg-preview.png","contentUrl":"https:\/\/inlingua-regensburg.de\/wp-content\/uploads\/2022\/06\/1601467324747-removebg-preview.png","width":200,"height":200,"caption":"Inlingua Regensburg"},"image":{"@id":"https:\/\/inlingua-regensburg.de\/#\/schema\/logo\/image\/"},"sameAs":["https:\/\/www.facebook.com\/inlinguaRegensburg"]}]}},"_links":{"self":[{"href":"https:\/\/inlingua-regensburg.de\/index.php\/wp-json\/wp\/v2\/pages\/18759","targetHints":{"allow":["GET"]}}],"collection":[{"href":"https:\/\/inlingua-regensburg.de\/index.php\/wp-json\/wp\/v2\/pages"}],"about":[{"href":"https:\/\/inlingua-regensburg.de\/index.php\/wp-json\/wp\/v2\/types\/page"}],"author":[{"embeddable":true,"href":"https:\/\/inlingua-regensburg.de\/index.php\/wp-json\/wp\/v2\/users\/1"}],"replies":[{"embeddable":true,"href":"https:\/\/inlingua-regensburg.de\/index.php\/wp-json\/wp\/v2\/comments?post=18759"}],"version-history":[{"count":9,"href":"https:\/\/inlingua-regensburg.de\/index.php\/wp-json\/wp\/v2\/pages\/18759\/revisions"}],"predecessor-version":[{"id":24290,"href":"https:\/\/inlingua-regensburg.de\/index.php\/wp-json\/wp\/v2\/pages\/18759\/revisions\/24290"}],"wp:attachment":[{"href":"https:\/\/inlingua-regensburg.de\/index.php\/wp-json\/wp\/v2\/media?parent=18759"}],"curies":[{"name":"wp","href":"https:\/\/api.w.org\/{rel}","templated":true}]}}